{"id":395,"date":"2020-01-27T13:55:21","date_gmt":"2020-01-27T12:55:21","guid":{"rendered":"https:\/\/www.rsconstruction.lu\/?page_id=395"},"modified":"2024-01-23T08:40:04","modified_gmt":"2024-01-23T07:40:04","slug":"mentions-legales","status":"publish","type":"page","link":"https:\/\/www.rsconstruction.lu\/fr\/mentions-legales\/","title":{"rendered":"Mentions l\u00e9gales"},"content":{"rendered":"[vc_row type=\u00a0\u00bbfull_width_content\u00a0\u00bb full_screen_row_position=\u00a0\u00bbmiddle\u00a0\u00bb column_margin=\u00a0\u00bbdefault\u00a0\u00bb column_direction=\u00a0\u00bbdefault\u00a0\u00bb column_direction_tablet=\u00a0\u00bbdefault\u00a0\u00bb column_direction_phone=\u00a0\u00bbdefault\u00a0\u00bb scene_position=\u00a0\u00bbcenter\u00a0\u00bb text_color=\u00a0\u00bbdark\u00a0\u00bb text_align=\u00a0\u00bbleft\u00a0\u00bb row_border_radius=\u00a0\u00bbnone\u00a0\u00bb row_border_radius_applies=\u00a0\u00bbbg\u00a0\u00bb overflow=\u00a0\u00bbvisible\u00a0\u00bb overlay_strength=\u00a0\u00bb0.3&Prime; gradient_direction=\u00a0\u00bbleft_to_right\u00a0\u00bb shape_divider_position=\u00a0\u00bbbottom\u00a0\u00bb bg_image_animation=\u00a0\u00bbnone\u00a0\u00bb shape_type=\u00a0\u00bb\u00a0\u00bb][vc_column column_padding=\u00a0\u00bbno-extra-padding\u00a0\u00bb column_padding_tablet=\u00a0\u00bbinherit\u00a0\u00bb column_padding_phone=\u00a0\u00bbinherit\u00a0\u00bb column_padding_position=\u00a0\u00bball\u00a0\u00bb column_element_direction_desktop=\u00a0\u00bbdefault\u00a0\u00bb column_element_spacing=\u00a0\u00bbdefault\u00a0\u00bb desktop_text_alignment=\u00a0\u00bbdefault\u00a0\u00bb tablet_text_alignment=\u00a0\u00bbdefault\u00a0\u00bb phone_text_alignment=\u00a0\u00bbdefault\u00a0\u00bb background_color_opacity=\u00a0\u00bb1&Prime; background_hover_color_opacity=\u00a0\u00bb1&Prime; column_backdrop_filter=\u00a0\u00bbnone\u00a0\u00bb column_shadow=\u00a0\u00bbnone\u00a0\u00bb column_border_radius=\u00a0\u00bbnone\u00a0\u00bb column_link_target=\u00a0\u00bb_self\u00a0\u00bb column_position=\u00a0\u00bbdefault\u00a0\u00bb gradient_direction=\u00a0\u00bbleft_to_right\u00a0\u00bb overlay_strength=\u00a0\u00bb0.3&Prime; width=\u00a0\u00bb1\/1&Prime; tablet_width_inherit=\u00a0\u00bbdefault\u00a0\u00bb animation_type=\u00a0\u00bbdefault\u00a0\u00bb bg_image_animation=\u00a0\u00bbnone\u00a0\u00bb border_type=\u00a0\u00bbsimple\u00a0\u00bb column_border_width=\u00a0\u00bbnone\u00a0\u00bb column_border_style=\u00a0\u00bbsolid\u00a0\u00bb]<div data-midnight=\"nectar-slider\" class=\"parallax_slider_outer \"><div  data-transition=\"fade\" data-overall_style=\"classic\" data-flexible-height=\"\" data-animate-in-effect=\"zoom-out\" data-fullscreen=\"false\" data-button-sizing=\"regular\" data-button-styling=\"btn_with_count\" data-autorotate=\"3500\" data-parallax=\"true\" data-parallax-disable-mobile=\"\" data-caption-trans=\"fade_in_from_bottom\" data-parallax-style=\"bg_only\" data-bg-animation=\"none\" data-full-width=\"false\" class=\"nectar-slider-wrap \" id=\"nectar-slider-instance-1\"><div class=\"swiper-container\"  data-tho=\"auto\" data-tco=\"auto\" data-pho=\"auto\" data-pco=\"auto\" data-loop=\"true\" data-height=\"300\" data-min-height=\"\" data-arrows=\"false\" data-bullets=\"true\" data-bullet_style=\"see_through_ar_visualized\" data-bullet_position=\"right\" data-desktop-swipe=\"true\" data-settings=\"\"> <div class=\"swiper-wrapper\"><div class=\"swiper-slide\" data-desktop-content-width=\"auto\" data-tablet-content-width=\"auto\" data-bg-alignment=\"center\" data-color-scheme=\"light\" data-x-pos=\"left\" data-y-pos=\"middle\" ><div class=\"slide-bg-wrap\"><div class=\"image-bg\" style=\"background-image: url(https:\/\/www.rsconstruction.lu\/wp-content\/uploads\/2018\/11\/rsconstruction_foto-41_35.jpg);\"> &nbsp; <\/div><\/div><div class=\"video-texture \"> <span class=\"ie-fix\"><\/span> <\/div><\/div> <!--\/swiper-slide--><div class=\"swiper-slide\" data-desktop-content-width=\"auto\" data-tablet-content-width=\"auto\" data-bg-alignment=\"center\" data-color-scheme=\"light\" data-x-pos=\"left\" data-y-pos=\"middle\" ><div class=\"slide-bg-wrap\"><div class=\"image-bg\" style=\"background-image: url(https:\/\/www.rsconstruction.lu\/wp-content\/uploads\/2018\/11\/rsconstruction_naturstein_recht_arens-14_16.jpg);\"> &nbsp; <\/div><\/div><div class=\"video-texture \"> <span class=\"ie-fix\"><\/span> <\/div><\/div> <!--\/swiper-slide--><div class=\"swiper-slide\" data-desktop-content-width=\"auto\" data-tablet-content-width=\"auto\" data-bg-alignment=\"center\" data-color-scheme=\"light\" data-x-pos=\"left\" data-y-pos=\"middle\" ><div class=\"slide-bg-wrap\"><div class=\"image-bg\" style=\"background-image: url(https:\/\/www.rsconstruction.lu\/wp-content\/uploads\/2018\/11\/IMG_5578.jpg);\"> &nbsp; <\/div><\/div><div class=\"video-texture \"> <span class=\"ie-fix\"><\/span> <\/div><\/div> <!--\/swiper-slide--><div class=\"swiper-slide\" data-desktop-content-width=\"auto\" data-tablet-content-width=\"auto\" data-bg-alignment=\"center\" data-color-scheme=\"light\" data-x-pos=\"left\" data-y-pos=\"middle\" ><div class=\"slide-bg-wrap\"><div class=\"image-bg\" style=\"background-image: url(https:\/\/www.rsconstruction.lu\/wp-content\/uploads\/2018\/11\/rsconstruction_naturstein_fliesen_urfels_14.jpg);\"> &nbsp; <\/div><\/div><div class=\"video-texture \"> <span class=\"ie-fix\"><\/span> <\/div><\/div> <!--\/swiper-slide--><\/div><div class=\"container normal-container slider-pagination-wrap\"><div class=\"slider-pagination\"><\/div><\/div><div class=\"nectar-slider-loading \"> <span class=\"loading-icon none\">   <\/span> <\/div> <\/div> \n\t\t\t\t\t\n\t\t\t\t\t<\/div><\/div>[\/vc_column][\/vc_row][vc_row type=\u00a0\u00bbin_container\u00a0\u00bb full_screen_row_position=\u00a0\u00bbmiddle\u00a0\u00bb column_margin=\u00a0\u00bbdefault\u00a0\u00bb column_direction=\u00a0\u00bbdefault\u00a0\u00bb column_direction_tablet=\u00a0\u00bbdefault\u00a0\u00bb column_direction_phone=\u00a0\u00bbdefault\u00a0\u00bb bg_color=\u00a0\u00bb#ffffff\u00a0\u00bb scene_position=\u00a0\u00bbcenter\u00a0\u00bb top_padding=\u00a0\u00bb100&Prime; text_color=\u00a0\u00bbdark\u00a0\u00bb text_align=\u00a0\u00bbleft\u00a0\u00bb row_border_radius=\u00a0\u00bbnone\u00a0\u00bb row_border_radius_applies=\u00a0\u00bbbg\u00a0\u00bb overflow=\u00a0\u00bbvisible\u00a0\u00bb overlay_strength=\u00a0\u00bb0.3&Prime; gradient_direction=\u00a0\u00bbleft_to_right\u00a0\u00bb shape_divider_position=\u00a0\u00bbbottom\u00a0\u00bb bg_image_animation=\u00a0\u00bbnone\u00a0\u00bb shape_type=\u00a0\u00bb\u00a0\u00bb][vc_column column_padding=\u00a0\u00bbno-extra-padding\u00a0\u00bb column_padding_tablet=\u00a0\u00bbinherit\u00a0\u00bb column_padding_phone=\u00a0\u00bbinherit\u00a0\u00bb column_padding_position=\u00a0\u00bball\u00a0\u00bb column_element_direction_desktop=\u00a0\u00bbdefault\u00a0\u00bb column_element_spacing=\u00a0\u00bbdefault\u00a0\u00bb desktop_text_alignment=\u00a0\u00bbdefault\u00a0\u00bb tablet_text_alignment=\u00a0\u00bbdefault\u00a0\u00bb phone_text_alignment=\u00a0\u00bbdefault\u00a0\u00bb background_color_opacity=\u00a0\u00bb1&Prime; background_hover_color_opacity=\u00a0\u00bb1&Prime; column_backdrop_filter=\u00a0\u00bbnone\u00a0\u00bb column_shadow=\u00a0\u00bbnone\u00a0\u00bb column_border_radius=\u00a0\u00bbnone\u00a0\u00bb column_link_target=\u00a0\u00bb_self\u00a0\u00bb column_position=\u00a0\u00bbdefault\u00a0\u00bb gradient_direction=\u00a0\u00bbleft_to_right\u00a0\u00bb overlay_strength=\u00a0\u00bb0.3&Prime; width=\u00a0\u00bb1\/1&Prime; tablet_width_inherit=\u00a0\u00bbdefault\u00a0\u00bb animation_type=\u00a0\u00bbdefault\u00a0\u00bb bg_image_animation=\u00a0\u00bbnone\u00a0\u00bb border_type=\u00a0\u00bbsimple\u00a0\u00bb column_border_width=\u00a0\u00bbnone\u00a0\u00bb column_border_style=\u00a0\u00bbsolid\u00a0\u00bb][vc_column_text]\n<div class=\"row\">\n<h1>RS Construction<\/h1>\n<div class=\"textwidget\">\n<div class=\"footer-text\">\n<p>RS Construction<br \/>\n17A, Gruuss-Strooss<br \/>\n9991 WEISWAMPACH<br \/>\nLuxembourg<\/p>\n<p>T: +352 269 58 158<br \/>\n<a href=\"mailto:info@rsconstruction.lu\">info@rsconstruction.lu<\/a><br \/>\nPersonne de contact: Gary R\u00f6hl<br \/>\nM: +352 691 269 138<\/p>\n<\/div>\n<\/div>\n<p>&nbsp;<\/p>\n<h1>D\u00e9n\u00e9gation<\/h1>\n<h3>1. Contenu de l\u2019offre en ligne<\/h3>\n<p>Le contenu de nos pages a \u00e9t\u00e9 et sont cr\u00e9\u00e9 et v\u00e9rifi\u00e9 avec le plus grand soin. Cependant, nous ne pouvons assumer aucune responsabilit\u00e9 quant \u00e0 l\u2019exactitude, l\u2019exhaustivit\u00e9 et l\u2019actualit\u00e9 du contenu<\/p>\n<h3>2. Liens et hyperliens<\/h3>\n<p>Notre offre contient des liens vers des sites externes de tiers. Nous n\u2019avons aucune influence sur le contenu de ceux-ci. Par cons\u00e9quent, nous ne pouvons assumer aucune responsabilit\u00e9 pour ces contenus externes. Pour les r\u00e9f\u00e9rences directes ou indirectes \u00e0 des sites externes (\u201chyperliens\u201d), qui ne rel\u00e8vent pas de la responsabilit\u00e9 de l\u2019auteur, une obligation de responsabilit\u00e9 n\u2019entrerait en vigueur que dans le cas o\u00f9 l\u2019auteur aurait connaissance du contenu et serait techniquement en mesure d\u2019emp\u00eacher l\u2019utilisation en cas de contenu ill\u00e9gal.<\/p>\n<p>L\u2019auteur d\u00e9clare express\u00e9ment qu\u2019au moment de la cr\u00e9ation de liens, aucun contenu ill\u00e9gal n\u2019\u00e9tait reconnaissable sur les pages li\u00e9es. L\u2019auteur n\u2019a aucune influence sur la conception actuelle et future, le contenu ou la paternit\u00e9 des pages li\u00e9es. Par cons\u00e9quent, il se dissocie express\u00e9ment de tous les contenus de tous les c\u00f4t\u00e9s li\u00e9s, qui ont \u00e9t\u00e9 modifi\u00e9s apr\u00e8s l\u2019\u00e9tablissement du lien.<\/p>\n<p>Cette d\u00e9claration s\u2019applique \u00e0 tous les liens et r\u00e9f\u00e9rences de la propre offre Internet ainsi qu\u2019aux entr\u00e9es externes dans les livres d\u2019or, les forums de discussion, les r\u00e9pertoires de liens, les listes de diffusion et toutes les autres bases de donn\u00e9es.<\/p>\n<p>Pour les contenus ill\u00e9gaux, incorrects ou incomplets et en particulier pour les dommages r\u00e9sultant de l\u2019utilisation ou de la non-utilisation de ces informations, le fournisseur de la page mentionn\u00e9e, et non celui qui renvoie \u00e0 la publication concern\u00e9e, est simplement responsable.<\/p>\n<p>D\u00e8s la notification des violations, nous allons supprimer les liens imm\u00e9diatement.<\/p>\n<h3>3. Droit d\u2019auteur et droit des marques<\/h3>\n<p>L\u2019auteur s\u2019efforce de respecter les droits d\u2019auteur des images, graphiques, documents sonores, s\u00e9quences vid\u00e9o et textes utilis\u00e9s dans toutes les publications, images, graphiques, documents sonores, s\u00e9quences vid\u00e9o et textes cr\u00e9\u00e9s par lui-m\u00eame ou graphiques, documents sonores, s\u00e9quences vid\u00e9o et textes libres de droits. Toutes les marques et marques mentionn\u00e9es dans l\u2019offre Internet et \u00e9ventuellement prot\u00e9g\u00e9es par des tiers sont soumises sans restriction aux dispositions de la loi sur les marques et aux droits de propri\u00e9t\u00e9 des propri\u00e9taires respectifs.<\/p>\n<p>Le copyright des objets publi\u00e9s cr\u00e9\u00e9s par l\u2019auteur reste la propri\u00e9t\u00e9 de l\u2019auteur des pages. La reproduction ou l\u2019utilisation de tels graphiques, documents sonores, s\u00e9quences vid\u00e9o et textes dans d\u2019autres publications \u00e9lectroniques ou imprim\u00e9es n\u2019est pas autoris\u00e9e sans le consentement expr\u00e8s de l\u2019auteur.<\/p>\n<h3>4. Confidentialit\u00e9<\/h3>\n<p>Si dans l\u2019offre Internet il y a la possibilit\u00e9 de saisir des donn\u00e9es personnelles ou professionnelles (adresses e-mail, noms, adresses), la remise de ces donn\u00e9es \u00e0 des tiers a lieu de la part de l\u2019utilisateur sur une base express\u00e9ment libre.<\/p>\n<h3>5. Remarque<\/h3>\n<p>Si vous pensez que ce site Web ou contenu individuel viole vos droits, s\u2019il vous pla\u00eet laissez-nous savoir. Ceux-ci seront rapidement v\u00e9rifi\u00e9s par nos soins, et dans le cas o\u00f9 des demandes de redressement et d\u2019\u00e9loignement sont justifi\u00e9es, une r\u00e9vocation imm\u00e9diate est initi\u00e9e. Une participation longue et co\u00fbteuse d\u2019un avocat au rappel ne correspond ni \u00e0 la volont\u00e9 r\u00e9elle ni \u00e0 la pr\u00e9tendue volont\u00e9 des exploitants du site.<\/p>\n<div id=\"col2\">\n<h2>Avis de confidentialit\u00e9 et protection des donn\u00e9es<\/h2>\n<h3>Traitement des donn\u00e9es personnelles<\/h3>\n<p>Les donn\u00e9es personnelles ne peuvent \u00eatre collect\u00e9es et trait\u00e9es que dans le respect des r\u00e8gles de la loi sur la protection des donn\u00e9es.<br \/>\nDans certains cas, notamment lorsque l\u2019utilisateur remplit et soumet un formulaire sur le site web, il est possible que certaines donn\u00e9es personnelles soient stock\u00e9es sur le serveur. Ces informations sont consid\u00e9r\u00e9es comme confidentielles et trait\u00e9es en cons\u00e9quence. Elles ne sont donc jamais vendues ou transmises \u00e0 des tiers sans le consentement pr\u00e9alable de l\u2019utilisateur.<br \/>\nSi le site dispose d\u2019une newsletter, l\u2019utilisateur peut s\u2019y inscrire pour recevoir r\u00e9guli\u00e8rement des informations par e-mail. Dans ce cas, l\u2019\u00e9diteur a besoin d\u2019une adresse e-mail valide, que l\u2019utilisateur inscrit envoie via le formulaire correspondant. L\u2019utilisateur confirme qu\u2019il est le propri\u00e9taire de l\u2019adresse e-mail transmise et donne son accord pour la r\u00e9ception d\u2019e-mails par le site web ou l\u2019\u00e9diteur. L\u2019utilisateur a le droit de se d\u00e9sabonner \u00e0 tout moment.<br \/>\nL\u2019utilisateur a le droit d\u2019acc\u00e9der \u00e0 ses donn\u00e9es personnelles afin d\u2019en v\u00e9rifier l\u2019exactitude et, le cas \u00e9ch\u00e9ant, de demander leur correction. Pour ce faire, il adresse une lettre recommand\u00e9e \u00e0 l\u2019\u00e9diteur du site dont les coordonn\u00e9es figurent ci-dessus.<\/p>\n<h3>Utilisation de cookies<\/h3>\n<p>Ce site Web utilise des cookies. Comme la plupart des sites Web, ce site Web utilise des cookies. Les cookies sont de petits fichiers texte non dangereux qui n\u2019affectent en aucune fa\u00e7on votre vie priv\u00e9e ou la s\u00e9curit\u00e9 de votre ordinateur.<br \/>\nLes cookies am\u00e9liorent le confort de l\u2019utilisateur sur le site Web et permettent \u00e0 l\u2019\u00e9diteur de conserver des statistiques anonymes sur les visiteurs du site Web.<br \/>\nVeuillez consulter les instructions de votre navigateur Web pour savoir comment refuser ou supprimer les cookies sur votre ordinateur.<br \/>\nL\u2019\u00e9diteur informe l\u2019utilisateur que les cookies sont utilis\u00e9s pour am\u00e9liorer la convivialit\u00e9 du site Web, pour am\u00e9liorer les performances et pour g\u00e9n\u00e9rer des statistiques sur les visiteurs.<br \/>\nComme le site Web ne peut pas fonctionner sans l\u2019utilisation de cookies, nous demandons \u00e0 toute personne qui n\u2019est pas d\u2019accord avec l\u2019utilisation de cookies de mettre fin imm\u00e9diatement \u00e0 leur session de navigation sur le site Web.<\/p>\n<h3>Utilisation de Google Analytics<\/h3>\n<p>Ce site Web utilise Google Analytics, un service d\u2019analyse Web de Google Inc. \u00ab\u00a0(\u00ab\u00a0Google\u00a0\u00bb). Google Analytics utilise des \u00ab\u00a0cookies\u00a0\u00bb, qui sont des fichiers texte plac\u00e9s sur votre ordinateur, pour aider le site web \u00e0 analyser l\u2019utilisation du site par les utilisateurs. Les informations g\u00e9n\u00e9r\u00e9es par les cookies concernant votre utilisation du site Web (y compris votre adresse IP) seront transmises et stock\u00e9es par Google sur des serveurs situ\u00e9s aux \u00c9tats-Unis. Google utilisera ces informations dans le but d\u2019\u00e9valuer votre utilisation du site Web, de compiler des rapports sur l\u2019activit\u00e9 du site Web pour les exploitants de sites Web et de fournir d\u2019autres services li\u00e9s \u00e0 l\u2019activit\u00e9 du site Web et \u00e0 l\u2019utilisation d\u2019Internet.<br \/>\nGoogle peut \u00e9galement transmettre ces informations \u00e0 des tiers si la loi l\u2019exige ou si des tiers traitent ces donn\u00e9es pour le compte de Google. Google n\u2019associera pas votre adresse IP avec d\u2019autres donn\u00e9es d\u00e9tenues par Google. Vous pouvez refuser l\u2019utilisation de cookies en s\u00e9lectionnant les param\u00e8tres appropri\u00e9s sur votre navigateur, mais veuillez noter que si vous le faites, il se peut que vous ne puissiez pas utiliser toutes les fonctionnalit\u00e9s de ce site Web. En utilisant ce site Web, vous consentez au traitement des donn\u00e9es vous concernant par Google de la mani\u00e8re et aux fins d\u00e9crites ci-dessus.<\/p>\n<\/div>\n<p>&nbsp;<\/p>\n<div class=\"tinymcewysiwyg\">\n<h2>Photos &amp; Videos<\/h2>\n<\/div>\n<div class=\"tinymcewysiwyg\">\n<p class=\"bodytext\">\u2014\u2014\u2014\u2014\u2014\u2014\u2014\u2014\u2014\u2014\u2014\u2014\u2014\u2014\u2014\u2014<br \/>\n<a href=\"http:\/\/alicepeters.be\/cms\/index.php\">Alice Peters<\/a><br \/>\n\u2014\u2014\u2014\u2014\u2014\u2014\u2014\u2014\u2014\u2014\u2014\u2014\u2014\u2014\u2014\u2014<br \/>\nAdobe Stock Fotos<\/p>\n<\/div>\n<\/div>\n[\/vc_column_text][\/vc_column][\/vc_row][vc_row type=\u00a0\u00bbin_container\u00a0\u00bb full_screen_row_position=\u00a0\u00bbmiddle\u00a0\u00bb column_margin=\u00a0\u00bbdefault\u00a0\u00bb column_direction=\u00a0\u00bbdefault\u00a0\u00bb column_direction_tablet=\u00a0\u00bbdefault\u00a0\u00bb column_direction_phone=\u00a0\u00bbdefault\u00a0\u00bb scene_position=\u00a0\u00bbcenter\u00a0\u00bb text_color=\u00a0\u00bbdark\u00a0\u00bb text_align=\u00a0\u00bbleft\u00a0\u00bb row_border_radius=\u00a0\u00bbnone\u00a0\u00bb row_border_radius_applies=\u00a0\u00bbbg\u00a0\u00bb overflow=\u00a0\u00bbvisible\u00a0\u00bb overlay_strength=\u00a0\u00bb0.3&Prime; gradient_direction=\u00a0\u00bbleft_to_right\u00a0\u00bb shape_divider_position=\u00a0\u00bbbottom\u00a0\u00bb bg_image_animation=\u00a0\u00bbnone\u00a0\u00bb][vc_column column_padding=\u00a0\u00bbno-extra-padding\u00a0\u00bb column_padding_tablet=\u00a0\u00bbinherit\u00a0\u00bb column_padding_phone=\u00a0\u00bbinherit\u00a0\u00bb column_padding_position=\u00a0\u00bball\u00a0\u00bb column_element_direction_desktop=\u00a0\u00bbdefault\u00a0\u00bb column_element_spacing=\u00a0\u00bbdefault\u00a0\u00bb desktop_text_alignment=\u00a0\u00bbdefault\u00a0\u00bb tablet_text_alignment=\u00a0\u00bbdefault\u00a0\u00bb phone_text_alignment=\u00a0\u00bbdefault\u00a0\u00bb background_color_opacity=\u00a0\u00bb1&Prime; background_hover_color_opacity=\u00a0\u00bb1&Prime; column_backdrop_filter=\u00a0\u00bbnone\u00a0\u00bb column_shadow=\u00a0\u00bbnone\u00a0\u00bb column_border_radius=\u00a0\u00bbnone\u00a0\u00bb column_link_target=\u00a0\u00bb_self\u00a0\u00bb column_position=\u00a0\u00bbdefault\u00a0\u00bb gradient_direction=\u00a0\u00bbleft_to_right\u00a0\u00bb overlay_strength=\u00a0\u00bb0.3&Prime; width=\u00a0\u00bb1\/1&Prime; tablet_width_inherit=\u00a0\u00bbdefault\u00a0\u00bb animation_type=\u00a0\u00bbdefault\u00a0\u00bb bg_image_animation=\u00a0\u00bbnone\u00a0\u00bb border_type=\u00a0\u00bbsimple\u00a0\u00bb column_border_width=\u00a0\u00bbnone\u00a0\u00bb column_border_style=\u00a0\u00bbsolid\u00a0\u00bb][vc_raw_html]JTNDaWZyYW1lJTIwc3JjJTNEJTIyaHR0cHMlM0ElMkYlMkZhZ2VudHVyaG9jaGRyZWkubHUlMkZpbXByZXNzdW0td2Vic2VpdGVuLWZyJTIyJTIwc3R5bGUlM0QlMjJib3JkZXIlM0EwcHglMjAlMjNmZmZmZmYlMjBub25lJTNCJTIyJTIwbmFtZSUzRCUyMmEzJTIyJTIwc2Nyb2xsaW5nJTNEJTIybm8lMjIlMjBmcmFtZWJvcmRlciUzRCUyMjElMjIlMjBtYXJnaW5oZWlnaHQlM0QlMjIwcHglMjIlMjBtYXJnaW53aWR0aCUzRCUyMjBweCUyMiUyMGhlaWdodCUzRCUyMjYwMHB4JTIyJTIwd2lkdGglM0QlMjIxMDAlMjUlMjIlMjBhbGxvd2Z1bGxzY3JlZW4lM0UlM0MlMkZpZnJhbWUlM0U=[\/vc_raw_html][\/vc_column][\/vc_row]\n","protected":false},"excerpt":{"rendered":"<p>[vc_row type=\u00a0\u00bbfull_width_content\u00a0\u00bb full_screen_row_position=\u00a0\u00bbmiddle\u00a0\u00bb column_margin=\u00a0\u00bbdefault\u00a0\u00bb column_direction=\u00a0\u00bbdefault\u00a0\u00bb column_direction_tablet=\u00a0\u00bbdefault\u00a0\u00bb column_direction_phone=\u00a0\u00bbdefault\u00a0\u00bb scene_position=\u00a0\u00bbcenter\u00a0\u00bb text_color=\u00a0\u00bbdark\u00a0\u00bb text_align=\u00a0\u00bbleft\u00a0\u00bb row_border_radius=\u00a0\u00bbnone\u00a0\u00bb row_border_radius_applies=\u00a0\u00bbbg\u00a0\u00bb overflow=\u00a0\u00bbvisible\u00a0\u00bb overlay_strength=\u00a0\u00bb0.3&Prime; gradient_direction=\u00a0\u00bbleft_to_right\u00a0\u00bb shape_divider_position=\u00a0\u00bbbottom\u00a0\u00bb bg_image_animation=\u00a0\u00bbnone\u00a0\u00bb shape_type=\u00a0\u00bb\u00a0\u00bb][vc_column column_padding=\u00a0\u00bbno-extra-padding\u00a0\u00bb column_padding_tablet=\u00a0\u00bbinherit\u00a0\u00bb column_padding_phone=\u00a0\u00bbinherit\u00a0\u00bb column_padding_position=\u00a0\u00bball\u00a0\u00bb column_element_direction_desktop=\u00a0\u00bbdefault\u00a0\u00bb column_element_spacing=\u00a0\u00bbdefault\u00a0\u00bb desktop_text_alignment=\u00a0\u00bbdefault\u00a0\u00bb tablet_text_alignment=\u00a0\u00bbdefault\u00a0\u00bb phone_text_alignment=\u00a0\u00bbdefault\u00a0\u00bb background_color_opacity=\u00a0\u00bb1&Prime; background_hover_color_opacity=\u00a0\u00bb1&Prime; column_backdrop_filter=\u00a0\u00bbnone\u00a0\u00bb&#8230;<\/p>\n","protected":false},"author":1,"featured_media":0,"parent":0,"menu_order":99,"comment_status":"closed","ping_status":"closed","template":"","meta":{"footnotes":""},"_links":{"self":[{"href":"https:\/\/www.rsconstruction.lu\/fr\/wp-json\/wp\/v2\/pages\/395"}],"collection":[{"href":"https:\/\/www.rsconstruction.lu\/fr\/wp-json\/wp\/v2\/pages"}],"about":[{"href":"https:\/\/www.rsconstruction.lu\/fr\/wp-json\/wp\/v2\/types\/page"}],"author":[{"embeddable":true,"href":"https:\/\/www.rsconstruction.lu\/fr\/wp-json\/wp\/v2\/users\/1"}],"replies":[{"embeddable":true,"href":"https:\/\/www.rsconstruction.lu\/fr\/wp-json\/wp\/v2\/comments?post=395"}],"version-history":[{"count":9,"href":"https:\/\/www.rsconstruction.lu\/fr\/wp-json\/wp\/v2\/pages\/395\/revisions"}],"predecessor-version":[{"id":464,"href":"https:\/\/www.rsconstruction.lu\/fr\/wp-json\/wp\/v2\/pages\/395\/revisions\/464"}],"wp:attachment":[{"href":"https:\/\/www.rsconstruction.lu\/fr\/wp-json\/wp\/v2\/media?parent=395"}],"curies":[{"name":"wp","href":"https:\/\/api.w.org\/{rel}","templated":true}]}}